{"id":549,"date":"2024-11-06T11:08:16","date_gmt":"2024-11-06T10:08:16","guid":{"rendered":"https:\/\/www.campinglebosquet.fr\/?page_id=549"},"modified":"2025-01-15T13:51:40","modified_gmt":"2025-01-15T12:51:40","slug":"access-contact","status":"publish","type":"page","link":"https:\/\/www.campinglebosquet.fr\/en\/acces-contact\/","title":{"rendered":"Access \/ Contact"},"content":{"rendered":"\n<div class=\"wp-block-stackable-heading stk-block-heading stk-block-heading--v2 stk-block stk-80f7389\" id=\"contactez-notre-camping-a-jard-sur-mer\" data-block-id=\"80f7389\"><h2 class=\"stk-block-heading__text has-text-align-center\">Contactez notre camping \u00e0 Jard sur Mer<\/h2><\/div>\n\n\n\n<div class=\"wp-block-stackable-text stk-block-text stk-block stk-8d05567\" data-block-id=\"8d05567\"><style>.stk-8d05567 {margin-bottom:40px !important;}<\/style><p class=\"stk-block-text__text has-text-align-center\">Vous avez une question ? Vous souhaitez obtenir des informations compl\u00e9mentaires ? Pour tous renseignements, n\u2019h\u00e9sitez pas \u00e0 nous contacter.<\/p><\/div>\n\n\n\n<div class=\"wp-block-stackable-columns alignfull stk-block-columns stk-block stk-b1c5902 stk-block-background\" data-block-id=\"b1c5902\"><style>.stk-b1c5902 .stk--block-align-b1c5902{align-items:center !important;}.stk-b1c5902 {background-color:#265e786e !important;padding-top:60px !important;padding-bottom:60px !important;margin-bottom:50px !important;}.stk-b1c5902:before{background-color:#265e786e !important;}<\/style><div class=\"stk-row stk-inner-blocks stk--block-align-b1c5902 stk-block-content stk-content-align stk-b1c5902-column alignwide\">\n<div class=\"wp-block-stackable-column stk-block-column stk-column stk-block stk-454e368\" data-v=\"4\" data-block-id=\"454e368\"><div class=\"stk-column-wrapper stk-block-column__content stk-container stk-454e368-container stk--no-background stk--no-padding\"><div class=\"stk-block-content stk-inner-blocks stk-454e368-inner-blocks\">\n<div class='fluentform ff-default fluentform_wrapper_3 ffs_default_wrap'><form data-form_id=\"3\" id=\"fluentform_3\" class=\"frm-fluent-form fluent_form_3 ff-el-form-top ff_form_instance_3_1 ff-form-loading ff_has_v3_recptcha ffs_default\" data-form_instance=\"ff_form_instance_3_1\" method=\"POST\" data-recptcha_key=\"6LdUzXgqAAAAAOKd6nzKxr4xW_KIpyhJCROypm0E\" ><fieldset  style=\"border: none!important;margin: 0!important;padding: 0!important;background-color: transparent!important;box-shadow: none!important;outline: none!important; min-inline-size: 100%;\">\n                    <legend class=\"ff_screen_reader_title\" style=\"display: block; margin: 0!important;padding: 0!important;height: 0!important;text-indent: -999999px;width: 0!important;overflow:hidden;\">contact<\/legend><input type='hidden' name='__fluent_form_embded_post_id' value='549' \/><input type=\"hidden\" id=\"_fluentform_3_fluentformnonce\" name=\"_fluentform_3_fluentformnonce\" value=\"b7d23ae07e\" \/><input type=\"hidden\" name=\"_wp_http_referer\" value=\"\/en\/wp-json\/wp\/v2\/pages\/549\" \/><div data-type=\"name-element\" data-name=\"names\" class=\" ff-field_container ff-name-field-wrapper\" ><div class='ff-t-container'><div class='ff-t-cell '><div class='ff-el-group ff-el-form-top'><div class=\"ff-el-input--label asterisk-right\"><label for='ff_3_names_first_name_' id='label_ff_3_names_first_name_' >Pr\u00e9nom<\/label><\/div><div class='ff-el-input--content'><input type=\"text\" name=\"names[first_name]\" id=\"ff_3_names_first_name_\" class=\"ff-el-form-control\" placeholder=\"Pr\u00e9nom\" aria-invalid=\"false\" aria-required=false><\/div><\/div><\/div><div class='ff-t-cell '><div class='ff-el-group ff-el-form-top'><div class=\"ff-el-input--label ff-el-is-required asterisk-right\"><label for='ff_3_names_last_name_' id='label_ff_3_names_last_name_' >Nom<\/label><\/div><div class='ff-el-input--content'><input type=\"text\" name=\"names[last_name]\" id=\"ff_3_names_last_name_\" class=\"ff-el-form-control\" placeholder=\"Nom\" aria-invalid=\"false\" aria-required=true><\/div><\/div><\/div><\/div><\/div><div data-name=\"ff_cn_id_1\"  class='ff-t-container ff-column-container ff_columns_total_2 '><div class='ff-t-cell ff-t-column-1' style='flex-basis: 50%;'><div class='ff-el-group'><div class=\"ff-el-input--label ff-el-is-required asterisk-right\"><label for='ff_3_email' id='label_ff_3_email' aria-label=\"E-mail\">E-mail<\/label><\/div><div class='ff-el-input--content'><input type=\"email\" name=\"email\" id=\"ff_3_email\" class=\"ff-el-form-control\" placeholder=\"E-mail\" data-name=\"email\"  aria-invalid=\"false\" aria-required=true><\/div><\/div><\/div><div class='ff-t-cell ff-t-column-2' style='flex-basis: 50%;'><div class='ff-el-group'><div class=\"ff-el-input--label ff-el-is-required asterisk-right\"><label for='ff_3_numeric_field' id='label_ff_3_numeric_field' aria-label=\"T\u00e9l\u00e9phone\">T\u00e9l\u00e9phone<\/label><\/div><div class='ff-el-input--content'><input type=\"number\" name=\"numeric_field\" id=\"ff_3_numeric_field\" class=\"ff-el-form-control\" placeholder=\"T\u00e9l\u00e9phone\" data-name=\"numeric_field\" inputmode=\"numeric\" step=\"any\"  aria-invalid=\"false\" aria-required=true><\/div><\/div><\/div><\/div><div class='ff-el-group'><div class=\"ff-el-input--label ff-el-is-required asterisk-right\"><label for='ff_3_description' id='label_ff_3_description' aria-label=\"Message\">Message<\/label><\/div><div class='ff-el-input--content'><textarea aria-required=\"true\" aria-labelledby=\"label_ff_3_description\" name=\"description\" id=\"ff_3_description\" class=\"ff-el-form-control\" rows=\"3\" cols=\"2\" data-name=\"description\" ><\/textarea><\/div><\/div><div class='ff-el-group    ff-el-input--content'><div class='ff-el-form-check ff-el-tc'><label aria-label='Je consens \u00e0 ce que ce site stocke les informations que j\u2019ai envoy\u00e9es afin de pouvoir r\u00e9pondre \u00e0 ma demande.' class='ff-el-form-check-label ff_tc_label' for=gdpr-agreement_248bc6e4615ae7fcb7e11768de992d89><span class='ff_tc_checkbox'><input type=\"checkbox\" name=\"gdpr-agreement\" class=\"ff-el-form-check-input ff_gdpr_field\" data-name=\"gdpr-agreement\" id=\"gdpr-agreement_248bc6e4615ae7fcb7e11768de992d89\"  value='on' aria-invalid='false' aria-required=true><\/span> <div class='ff_t_c'>Je consens \u00e0 ce que ce site stocke les informations que j\u2019ai envoy\u00e9es afin de pouvoir r\u00e9pondre \u00e0 ma demande.<\/div><\/label><\/div><\/div><div class='ff-el-group ff-text-center ff_submit_btn_wrapper'><button type=\"submit\" class=\"ff-btn ff-btn-submit ff-btn-md ff_btn_style wpf_has_custom_css\"  aria-label=\"Envoyer\">Envoyer <\/button><\/div><\/fieldset><\/form><div id='fluentform_3_errors' class='ff-errors-in-stack ff_form_instance_3_1 ff-form-loading_errors ff_form_instance_3_1_errors'><\/div><\/div>            <script type=\"text\/javascript\">\n                window.fluent_form_ff_form_instance_3_1 = {\"id\":\"3\",\"ajaxUrl\":\"https:\\\/\\\/www.campinglebosquet.fr\\\/wp-admin\\\/admin-ajax.php\",\"settings\":{\"layout\":{\"labelPlacement\":\"top\",\"helpMessagePlacement\":\"with_label\",\"errorMessagePlacement\":\"inline\",\"cssClassName\":\"\",\"asteriskPlacement\":\"asterisk-right\"},\"restrictions\":{\"denyEmptySubmission\":{\"enabled\":false}}},\"form_instance\":\"ff_form_instance_3_1\",\"form_id_selector\":\"fluentform_3\",\"rules\":{\"names[first_name]\":{\"required\":{\"value\":false,\"message\":\"This field is required\",\"global_message\":\"Ce champ est obligatoire\",\"global\":true}},\"names[middle_name]\":{\"required\":{\"value\":false,\"message\":\"This field is required\",\"global_message\":\"Ce champ est obligatoire\",\"global\":true}},\"names[last_name]\":{\"required\":{\"value\":true,\"message\":\"This field is required\",\"global_message\":\"Ce champ est obligatoire\",\"global\":true}},\"email\":{\"required\":{\"value\":true,\"message\":\"This field is required\",\"global_message\":\"Ce champ est obligatoire\",\"global\":true},\"email\":{\"value\":true,\"message\":\"This field must contain a valid email\",\"global_message\":\"Ce champ doit contenir un e-mail valide\",\"global\":true}},\"numeric_field\":{\"required\":{\"value\":true,\"message\":\"This field is required\",\"global_message\":\"Ce champ est obligatoire\",\"global\":true},\"numeric\":{\"value\":true,\"message\":\"This field must contain numeric value\",\"global_message\":\"Ce champ doit contenir une valeur num\\u00e9rique\",\"global\":true},\"min\":{\"value\":\"\",\"message\":\"Validation fails for minimum value\",\"global_message\":\"\\u00c9chec de la validation pour la valeur minimale\",\"global\":true},\"max\":{\"value\":\"\",\"message\":\"Validation fails for maximum value\",\"global_message\":\"\\u00c9chec de la validation pour la valeur maximale\",\"global\":true},\"digits\":{\"value\":\"\",\"message\":\"Validation fails for limited digits\",\"global_message\":\"La validation \\u00e9choue pour un nombre limit\\u00e9 de chiffres\",\"global\":true}},\"description\":{\"required\":{\"value\":true,\"message\":\"This field is required\",\"global_message\":\"Ce champ est obligatoire\",\"global\":true}},\"gdpr-agreement\":{\"required\":{\"value\":true,\"message\":\"This field is required\",\"global_message\":\"Ce champ est obligatoire\",\"global\":true}},\"g-recaptcha-response\":[]},\"debounce_time\":300};\n                            <\/script>\n            \n<\/div><\/div><\/div>\n\n\n\n<div class=\"wp-block-stackable-column stk-block-column stk-column stk-block stk-075f384\" data-v=\"4\" data-block-id=\"075f384\"><div class=\"stk-column-wrapper stk-block-column__content stk-container stk-075f384-container stk--no-background stk--no-padding\"><div class=\"stk-block-content stk-inner-blocks stk-075f384-inner-blocks\">\n<div class=\"wp-block-stackable-text stk-block-text stk-block stk-fd055e3 coords\" data-block-id=\"fd055e3\"><p class=\"stk-block-text__text has-text-align-center\"><strong>Par courrier :<\/strong> CAMPING LE BOSQUET <br>7 rue de l\u2019Oc\u00e9an 85520 <br>JARD SUR MER<br><strong>Par mail :<\/strong> <a href=\"mailto:info@campinglebosquet.fr\">info@campinglebosquet.fr<\/a><br><strong>Par t\u00e9l\u00e9phone :<\/strong> T\u00e9l : <a href=\"tel:0251335657\">+33 (0)2.51.33.56.57<\/a><\/p><\/div>\n\n\n\n<div class=\"wp-block-stackable-image stk-block-image stk-block stk-86a1c46\" data-block-id=\"86a1c46\"><figure><span class=\"stk-img-wrapper stk-image--shape-stretch\"><img loading=\"lazy\" decoding=\"async\" class=\"stk-img wp-image-21\" src=\"https:\/\/www.campinglebosquet.fr\/wp-content\/uploads\/2024\/10\/logo-2024.png\" width=\"2951\" height=\"862\" srcset=\"https:\/\/www.campinglebosquet.fr\/wp-content\/uploads\/2024\/10\/logo-2024.png 2951w, https:\/\/www.campinglebosquet.fr\/wp-content\/uploads\/2024\/10\/logo-2024-300x88.png 300w, https:\/\/www.campinglebosquet.fr\/wp-content\/uploads\/2024\/10\/logo-2024-1024x299.png 1024w, https:\/\/www.campinglebosquet.fr\/wp-content\/uploads\/2024\/10\/logo-2024-768x224.png 768w, https:\/\/www.campinglebosquet.fr\/wp-content\/uploads\/2024\/10\/logo-2024-1536x449.png 1536w, https:\/\/www.campinglebosquet.fr\/wp-content\/uploads\/2024\/10\/logo-2024-2048x598.png 2048w, https:\/\/www.campinglebosquet.fr\/wp-content\/uploads\/2024\/10\/logo-2024-500x146.png 500w, https:\/\/www.campinglebosquet.fr\/wp-content\/uploads\/2024\/10\/logo-2024-800x234.png 800w, https:\/\/www.campinglebosquet.fr\/wp-content\/uploads\/2024\/10\/logo-2024-1280x374.png 1280w, https:\/\/www.campinglebosquet.fr\/wp-content\/uploads\/2024\/10\/logo-2024-1920x561.png 1920w\" sizes=\"auto, (max-width: 2951px) 100vw, 2951px\" \/><\/span><\/figure><\/div>\n<\/div><\/div><\/div>\n<\/div><\/div>\n\n\n\n<div class=\"wp-block-stackable-columns stk-block-columns stk-block stk-6bcf47f\" data-block-id=\"6bcf47f\"><style>.stk-6bcf47f .stk--block-align-6bcf47f{align-items:center !important;}<\/style><div class=\"stk-row stk-inner-blocks stk--block-align-6bcf47f stk-block-content stk-content-align stk-6bcf47f-column\">\n<div class=\"wp-block-stackable-column stk-block-column stk-column stk-block stk-fb107a7\" data-v=\"4\" data-block-id=\"fb107a7\"><div class=\"stk-column-wrapper stk-block-column__content stk-container stk-fb107a7-container stk--no-background stk--no-padding\"><div class=\"stk-block-content stk-inner-blocks stk-fb107a7-inner-blocks\">\n<iframe src=\"https:\/\/www.google.com\/maps\/embed?pb=!1m14!1m8!1m3!1d11003.592187159787!2d-1.581102!3d46.411077!3m2!1i1024!2i768!4f13.1!3m3!1m2!1s0x48041340fcd16eb7%3A0xe27bd44c25ca0cbc!2sCamping%20Le%20Bosquet!5e0!3m2!1sfr!2sus!4v1730887605370!5m2!1sfr!2sus\" width=\"100%\" height=\"700\" style=\"border:0;\" allowfullscreen=\"\" loading=\"lazy\" referrerpolicy=\"no-referrer-when-downgrade\"><\/iframe>\n<\/div><\/div><\/div>\n\n\n\n<div class=\"wp-block-stackable-column stk-block-column stk-column stk-block stk-4d154f4\" data-v=\"4\" data-block-id=\"4d154f4\"><div class=\"stk-column-wrapper stk-block-column__content stk-container stk-4d154f4-container stk--no-background stk--no-padding\"><div class=\"stk-block-content stk-inner-blocks stk-4d154f4-inner-blocks\">\n<div class=\"wp-block-stackable-text stk-block-text stk-block stk-6a46bd6\" data-block-id=\"6a46bd6\"><p class=\"stk-block-text__text\"><strong>PAR LA ROUTE<br><\/strong>De Paris : A10<br>De Nantes : A83<br>De Bordeaux : A10<br>Calculez votre itin\u00e9raire<\/p><\/div>\n\n\n\n<p><strong>PAR LE TRAIN<br><\/strong>TGV Paris \u2013 Les Sables d\u2019Olonne (puis liaison bus : ligne 150 jusqu\u2019\u00e0 Jard sur Mer)<br>Ligne Bordeaux \u2013 La Rochelle \u2013 Lu\u00e7on (puis liaison bus : ligne 150 jusqu\u2019\u00e0 Jard sur Mer)<br>Renseignements SNCF : 3635 ou www.voyages-sncf.com<\/p>\n\n\n\n<p><strong>LIAISON EN BUS<br><\/strong>Au d\u00e9part des gares SNCF des Sables d\u2019Olonne et de Lu\u00e7on, des lignes r\u00e9guli\u00e8res sont propos\u00e9es toutes l\u2019ann\u00e9e \u2013 ligne 150 (les Sables d\u2019Olonne &gt; Jard sur Mer &gt; Lu\u00e7on)<br>Le bus vous d\u00e9pose au rond point de l\u2019\u00e9glise \u00e0 l\u2019entr\u00e9e de la ville de Jard s\/Mer (environ 1 km du camping)<br>Horaires sur le site www.sovetours.fr<\/p>\n\n\n\n<p><strong>PAR AVION<br><\/strong>A\u00e9roport de Nantes Atlantique. <br>A\u00e9roport de La Rochelle \u2013 Ile de R\u00e9.<br>Possibilit\u00e9 de locations de voiture.<\/p>\n<\/div><\/div><\/div>\n<\/div><\/div>\n","protected":false},"excerpt":{"rendered":"<p>Contactez notre camping \u00e0 Jard sur Mer Vous avez une question ? Vous souhaitez obtenir des informations compl\u00e9mentaires ? Pour tous renseignements, n\u2019h\u00e9sitez pas \u00e0 nous contacter. Par courrier : CAMPING LE BOSQUET 7 rue de l\u2019Oc\u00e9an 85520 JARD SUR MERPar mail : info@campinglebosquet.frPar t\u00e9l\u00e9phone : T\u00e9l : +33 (0)2.51.33.56.57 PAR LA ROUTEDe Paris : [&hellip;]<\/p>\n","protected":false},"author":1,"featured_media":438,"parent":0,"menu_order":0,"comment_status":"closed","ping_status":"closed","template":"","meta":{"_acf_changed":false,"_seopress_robots_primary_cat":"","_seopress_titles_title":"R\u00e9servation camping Jard sur Mer en Vend\u00e9e","_seopress_titles_desc":"R\u00e9servez en direct et en ligne votre camping \u00e0 Jard sur Mer en Vend\u00e9e \u00e0 100 m\u00e8tres de la plage. Profitez des meilleurs tarifs sur vos vacances.","_seopress_robots_index":"","_vp_format_video_url":"","_vp_image_focal_point":[],"footnotes":""},"class_list":["post-549","page","type-page","status-publish","has-post-thumbnail","hentry"],"acf":[],"_links":{"self":[{"href":"https:\/\/www.campinglebosquet.fr\/en\/wp-json\/wp\/v2\/pages\/549","targetHints":{"allow":["GET"]}}],"collection":[{"href":"https:\/\/www.campinglebosquet.fr\/en\/wp-json\/wp\/v2\/pages"}],"about":[{"href":"https:\/\/www.campinglebosquet.fr\/en\/wp-json\/wp\/v2\/types\/page"}],"author":[{"embeddable":true,"href":"https:\/\/www.campinglebosquet.fr\/en\/wp-json\/wp\/v2\/users\/1"}],"replies":[{"embeddable":true,"href":"https:\/\/www.campinglebosquet.fr\/en\/wp-json\/wp\/v2\/comments?post=549"}],"version-history":[{"count":15,"href":"https:\/\/www.campinglebosquet.fr\/en\/wp-json\/wp\/v2\/pages\/549\/revisions"}],"predecessor-version":[{"id":44770,"href":"https:\/\/www.campinglebosquet.fr\/en\/wp-json\/wp\/v2\/pages\/549\/revisions\/44770"}],"wp:featuredmedia":[{"embeddable":true,"href":"https:\/\/www.campinglebosquet.fr\/en\/wp-json\/wp\/v2\/media\/438"}],"wp:attachment":[{"href":"https:\/\/www.campinglebosquet.fr\/en\/wp-json\/wp\/v2\/media?parent=549"}],"curies":[{"name":"wp","href":"https:\/\/api.w.org\/{rel}","templated":true}]}}